{"id":259,"date":"2024-09-30T08:54:32","date_gmt":"2024-09-30T08:54:32","guid":{"rendered":"https:\/\/ruouxoabop.vn\/?post_type=product&#038;p=259"},"modified":"2024-10-01T09:42:25","modified_gmt":"2024-10-01T09:42:25","slug":"01-chai-ruou-xoa-bop-gia-truyen-ba-le-100ml","status":"publish","type":"product","link":"https:\/\/ruouxoabop.vn\/?product=01-chai-ruou-xoa-bop-gia-truyen-ba-le-100ml","title":{"rendered":"01 Chai R\u01b0\u1ee3u Xoa B\u00f3p Gia Truy\u1ec1n B\u00e0 L\u00ea"},"content":{"rendered":"<p data-pm-slice=\"1 1 []\">R\u01b0\u1ee3u Xoa B\u00f3p Gia Truy\u1ec1n B\u00e0 L\u00ea<\/p>\n<p>*Th\u00e0nh ph\u1ea7n ch\u00ednh<\/p>\n<p>-G\u1eebng, g\u1eebng gi\u00f3, ri\u1ec1ng, thi\u00ean ni\u00ean ki\u1ec7n, qu\u1ebf kh\u00e2u, r\u01b0\u1ee3u 60 \u0111\u1ed9<\/p>\n<p>&nbsp;<\/p>\n<p>*C\u00f4ng d\u1ee5ng:<\/p>\n<p>-C\u1ea3i thi\u1ec7n l\u1eadp t\u1ee9c t\u00ecnh tr\u1ea1ng nh\u1ee9c m\u1ecfi x\u01b0\u01a1ng kh\u1edbp, vai g\u00e1y<\/p>\n<p>-S\u1ea3n ph\u1ea9m c\u00f3 ch\u1ee9a nhi\u1ec1u d\u01b0\u1ee3c li\u1ec7u mang t\u00ednh n\u00f3ng n\u00ean c\u00f3 t\u00e1c d\u1ee5ng ch\u1eefa c\u00e1c b\u1ec7nh c\u1ea3m m\u1ea1o, ho nh\u1eb9<\/p>\n<p>&nbsp;<\/p>\n<p>*\u0110\u1ed1i t\u01b0\u1ee3ng s\u1eed d\u1ee5ng:<\/p>\n<p>-Ng\u01b0\u1eddi l\u1edbn tu\u1ed5i g\u1eb7p c\u00e1c v\u1ea5n \u0111\u1ec1 \u0111au nh\u1ee9c x\u01b0\u01a1ng kh\u1edbp (\u0111\u1ea7u g\u1ed1i, h\u00f4ng, l\u01b0ng, &#8230;)<\/p>\n<p>-Nh\u00e2n vi\u00ean v\u0103n ph\u00f2ng ng\u1ed3i l\u00e2u (vai g\u00e1y, \u0111\u0129a \u0111\u1ec7m)<\/p>\n<p>-Ng\u01b0\u1eddi lao \u0111\u1ed9ng n\u1eb7ng l\u00e2u ng\u00e0y b\u1ecb \u1ea3nh h\u01b0\u1edfng \u0111\u1ebfn vai, l\u01b0ng. V\u1eadn \u0111\u1ed9ng vi\u00ean th\u1ec3 thao g\u1eb7p c\u00e1c ch\u1ea5n th\u01b0\u01a1ng<\/p>\n<p>&nbsp;<\/p>\n<p>*H\u01b0\u1edbng d\u1eabn s\u1eed d\u1ee5ng:<\/p>\n<p>-X\u1ecbt 1 l\u01b0\u1ee3ng nh\u1ea5t \u0111\u1ecbnh l\u00ean v\u00f9ng b\u1ecb \u0111au nh\u1ee9c<\/p>\n<p>-D\u00f9ng tay xoa b\u00f3p, v\u1ed7 nh\u1eb9 \u0111\u1ec3 r\u01b0\u1ee3u ng\u1ea5m t\u1ed1t h\u01a1n<\/p>\n<p>-C\u00f3 th\u1ec3 s\u1eed d\u1ee5ng k\u1ebft h\u1ee3p r\u01b0\u1ee3u x\u1ecbt sau \u0111\u00f3 b\u0103ng l\u1ea1i \u0111\u1ec3 l\u01b0u qua \u0111\u00eam ho\u1eb7c gi\u1eef t\u1eeb 6-10 ti\u1ebfng, hi\u1ec7u qu\u1ea3 s\u1ebd t\u0103ng cao h\u01a1n<\/p>\n<p>-S\u1ea3n ph\u1ea9m c\u00f3 ch\u1ee9a thi\u00ean ni\u00ean ki\u1ec7n mang t\u00ednh \u0111i\u1ec1u d\u01b0\u1ee1ng, ch\u0103m s\u00f3c r\u1ea5t cao, khuy\u1ebfn kh\u00edch s\u1eed d\u1ee5ng h\u00e0ng ng\u00e0y \u0111\u1ec3 c\u01a1 b\u1eafp, x\u01b0\u01a1ng kh\u1edbp ch\u1eafc kho\u1ebb, tr\u00e1nh c\u00e1c ch\u1ea5n th\u01b0\u01a1ng ho\u1eb7c tho\u00e1i ho\u00e1 t\u1eeb tr\u01b0\u1edbc khi n\u00f3 x\u1ea3y \u0111\u1ebfn.<\/p>\n<p>&nbsp;<\/p>\n<p>*L\u01b0u \u00fd:<\/p>\n<p>-Kh\u00f4ng x\u1ecbt tr\u1ef1c ti\u1ebfp l\u00ean v\u1ebft th\u01b0\u01a1ng h\u1edf, v\u00f9ng da b\u1ecb t\u1ed5n th\u01b0\u01a1ng b\u00ean ngo\u00e0i<\/p>\n<p>-Kh\u00f4ng x\u1ecbt v\u00e0o m\u1eaft, m\u0169i<\/p>\n<p>-Kh\u00f4ng \u0111\u01b0\u1ee3c u\u1ed1ng<\/p>\n","protected":false},"excerpt":{"rendered":"<p>01 Chai R\u01b0\u1ee3u Xoa B\u00f3p Gia Truy\u1ec1n B\u00e0 L\u00ea<\/p>\n","protected":false},"featured_media":254,"comment_status":"open","ping_status":"closed","template":"","meta":[],"product_cat":[15],"product_tag":[],"class_list":{"0":"post-259","1":"product","2":"type-product","3":"status-publish","4":"has-post-thumbnail","6":"product_cat-ruou-xoa-bop-gia-truyen","8":"first","9":"instock","10":"shipping-taxable","11":"purchasable","12":"product-type-simple"},"_links":{"self":[{"href":"https:\/\/ruouxoabop.vn\/index.php?rest_route=\/wp\/v2\/product\/259","targetHints":{"allow":["GET"]}}],"collection":[{"href":"https:\/\/ruouxoabop.vn\/index.php?rest_route=\/wp\/v2\/product"}],"about":[{"href":"https:\/\/ruouxoabop.vn\/index.php?rest_route=\/wp\/v2\/types\/product"}],"replies":[{"embeddable":true,"href":"https:\/\/ruouxoabop.vn\/index.php?rest_route=%2Fwp%2Fv2%2Fcomments&post=259"}],"wp:featuredmedia":[{"embeddable":true,"href":"https:\/\/ruouxoabop.vn\/index.php?rest_route=\/wp\/v2\/media\/254"}],"wp:attachment":[{"href":"https:\/\/ruouxoabop.vn\/index.php?rest_route=%2Fwp%2Fv2%2Fmedia&parent=259"}],"wp:term":[{"taxonomy":"product_cat","embeddable":true,"href":"https:\/\/ruouxoabop.vn\/index.php?rest_route=%2Fwp%2Fv2%2Fproduct_cat&post=259"},{"taxonomy":"product_tag","embeddable":true,"href":"https:\/\/ruouxoabop.vn\/index.php?rest_route=%2Fwp%2Fv2%2Fproduct_tag&post=259"}],"curies":[{"name":"wp","href":"https:\/\/api.w.org\/{rel}","templated":true}]}}